{"id":2630,"date":"2018-08-08T00:00:00","date_gmt":"2018-08-07T23:00:00","guid":{"rendered":"https:\/\/seasolar.it\/prodotto\/sma-sunny-boy-storage-sbs6-0-10\/"},"modified":"2025-11-02T15:58:16","modified_gmt":"2025-11-02T14:58:16","slug":"sma-sunny-boy-storage-sbs6-0-10","status":"publish","type":"product","link":"https:\/\/seasolar.it\/fr\/prodotto\/sma-sunny-boy-storage-sbs6-0-10\/","title":{"rendered":"SMA SUNNY BOY STORAGE SBS6.0-10"},"content":{"rendered":"<p><img data-recalc-dims=\"1\" loading=\"lazy\" decoding=\"async\" data-id=\"3685\"  src=\"https:\/\/i0.wp.com\/seasolar.it\/wp-content\/uploads\/2025\/09\/SBS3.7-1.png?resize=1053%2C1451&#038;ssl=1\" alt=\"\" width=\"1053\" height=\"1451\" class=\"aligncenter size-full wp-image-3685\" \/><br \/>\n<img data-recalc-dims=\"1\" loading=\"lazy\" decoding=\"async\" data-id=\"3686\"  src=\"https:\/\/i0.wp.com\/seasolar.it\/wp-content\/uploads\/2025\/09\/SBS3.7-2.png?resize=1001%2C1222&#038;ssl=1\" alt=\"\" width=\"1001\" height=\"1222\" class=\"aligncenter size-full wp-image-3686\" \/><br \/>\n\r\n\t\t<div class=\"divider4\"><span><\/span><\/div>\r\n\t\t<\/p>\n<h2>Downloads<\/h2>\n<p><a href=\"https:\/\/seasolargroup.com\/wp-content\/uploads\/2018\/08\/SBS37-60-DEN1751-V21web.pdf\" target=\"_blank\" rel=\"noopener noreferrer\">Datasheet SBS37-60-DEN1751-V21web<\/a><br \/>\n&nbsp;<br \/>\n<a href=\"https:\/\/seasolargroup.com\/wp-content\/uploads\/2018\/08\/SBS-Batterys-TI-en-11.pdf\" target=\"_blank\" rel=\"noopener noreferrer\">Technical Information \u2013 Approved batteries SBS-Batterys-TI-en-11<\/a><br \/>\n&nbsp;<br \/>\n<a href=\"https:\/\/seasolargroup.com\/wp-content\/uploads\/2018\/08\/SBSxx-10-BE-en-10.pdf\" target=\"_blank\" rel=\"noopener noreferrer\">Operating Manual SBSxx-10-BE-en-10<\/a><br \/>\n&nbsp;<br \/>\n<a href=\"https:\/\/seasolargroup.com\/wp-content\/uploads\/2018\/08\/COM-RES-GBED-en-44-2.pdf\" target=\"_blank\" rel=\"noopener noreferrer\">SMA Limited Factory Warranty COM-RES-GBED-en-44<\/a><br \/>\n\r\n\t\t<div class=\"divider4\"><span><\/span><\/div>\r\n\t\t<\/p>\n<h2>Related offers<\/h2>\n<p><a href=\"https:\/\/seasolargroup.com\/tag\/SMA\/\">Offers for SMA<\/a><br \/>\n\r\n\t\t<div class=\"divider4\"><span><\/span><\/div>\r\n\t\t<\/p>\n<h2>Related projects<\/h2>\n<p>[cycloneslider id=\u00a0\u00bb20-kwp-iglesias-it-09016&Prime;]<br \/>\n\r\n\t\t<div class=\"divider4\"><span><\/span><\/div>\r\n\t\t<\/p>\n<h2>Related videos<\/h2>\n<p><span class=\"embed-youtube\" style=\"text-align:center; display: block;\"><iframe loading=\"lazy\" class=\"youtube-player\" width=\"640\" height=\"360\" src=\"https:\/\/www.youtube.com\/embed\/WR4etqKB-k0?version=3&#038;rel=1&#038;showsearch=0&#038;showinfo=1&#038;iv_load_policy=1&#038;fs=1&#038;hl=fr-FR&#038;autohide=2&#038;wmode=transparent&#038;listType=playlist&#038;list=PLwqK5bEOfjvIIqBBroEO_Kog22OxaEqjG\" allowfullscreen=\"true\" style=\"border:0;\" sandbox=\"allow-scripts allow-same-origin allow-popups allow-presentation allow-popups-to-escape-sandbox\"><\/iframe><\/span><br \/>\n\r\n\t\t<div class=\"divider4\"><span><\/span><\/div>\r\n\t\t<\/p>\n<h2>Contact<\/h2>\n<p>Please contact us with any questions you might have related to our offers or our products. We look forward to hearing how we can make the difference to you \/ Vi preghiamo di contattarci per eventuali domande relative alle nostre offerte o ai nostri prodotti. Non vediamo l&rsquo;ora di sentire come possiamo fare la differenza per voi \/ Bitte kontaktieren Sie uns, wenn Sie Fragen zu unseren Angeboten oder unseren Produkten haben. Wir freuen uns zu h\u00f6ren, wie wir den Unterschied f\u00fcr Sie machen k\u00f6nnen\/N&rsquo;h\u00e9sitez pas \u00e0 nous contacter pour toute question concernant nos offres ou nos produits. Nous avons h\u00e2te d&rsquo;entendre comment nous pouvons faire la diff\u00e9rence pour vous \/ Por favor cont\u00e1ctenos con cualquier pregunta que pueda tener relacionada con nuestras ofertas o nuestros productos. Esperamos escuchar c\u00f3mo podemos marcar la diferencia para usted.<br \/>\n&nbsp;<br \/>\n\n<div class=\"wpcf7 no-js\" id=\"wpcf7-f392-o1\" lang=\"en-US\" dir=\"ltr\" data-wpcf7-id=\"392\">\n<div class=\"screen-reader-response\"><p role=\"status\" aria-live=\"polite\" aria-atomic=\"true\"><\/p> <ul><\/ul><\/div>\n<form action=\"\/fr\/wp-json\/wp\/v2\/product\/2630#wpcf7-f392-o1\" method=\"post\" class=\"wpcf7-form init\" aria-label=\"Contact form\" novalidate=\"novalidate\" data-status=\"init\">\n<fieldset class=\"hidden-fields-container\"><input type=\"hidden\" name=\"_wpcf7\" value=\"392\" \/><input type=\"hidden\" name=\"_wpcf7_version\" value=\"6.1.5\" \/><input type=\"hidden\" name=\"_wpcf7_locale\" value=\"en_US\" \/><input type=\"hidden\" name=\"_wpcf7_unit_tag\" value=\"wpcf7-f392-o1\" \/><input type=\"hidden\" name=\"_wpcf7_container_post\" value=\"0\" \/><input type=\"hidden\" name=\"_wpcf7_posted_data_hash\" value=\"\" \/>\n<\/fieldset>\n<p><label> <\/label>\n<\/p>\n<h2>Contact\n<\/h2>\n<p>&nbsp;<br \/>\n<label> N\u2019h\u00e9sitez pas \u00e0 nous contacter pour toute question concernant nos offres ou nos produitss <\/label>\n<\/p>\n<p><label> \u00c9crivez \u00e0 <a href=\"mailto:info@seasolar.it\">info@seasolar.it<\/a> ou remplissez le formulaire suivant et nous vous contacterons: <\/label>\n<\/p>\n<p><label> Nom *<br \/>\n<span class=\"wpcf7-form-control-wrap\" data-name=\"your-name\"><input size=\"40\" maxlength=\"400\" class=\"wpcf7-form-control wpcf7-text wpcf7-validates-as-required\" aria-required=\"true\" aria-invalid=\"false\" value=\"\" type=\"text\" name=\"your-name\" \/><\/span><\/label>\n<\/p>\n<p><label> Num\u00e9ro de t\u00e9l\u00e9phone *<br \/>\n<span class=\"wpcf7-form-control-wrap\" data-name=\"tel-826\"><input size=\"40\" maxlength=\"400\" class=\"wpcf7-form-control wpcf7-tel wpcf7-validates-as-required wpcf7-text wpcf7-validates-as-tel\" aria-required=\"true\" aria-invalid=\"false\" value=\"\" type=\"tel\" name=\"tel-826\" \/><\/span><\/label>\n<\/p>\n<p><label> Votre E-mail *<br \/>\n<span class=\"wpcf7-form-control-wrap\" data-name=\"your-email\"><input size=\"40\" maxlength=\"400\" class=\"wpcf7-form-control wpcf7-email wpcf7-validates-as-required wpcf7-text wpcf7-validates-as-email\" aria-required=\"true\" aria-invalid=\"false\" value=\"\" type=\"email\" name=\"your-email\" \/><\/span><\/label>\n<\/p>\n<p><label> Sujet *<br \/>\n<span class=\"wpcf7-form-control-wrap\" data-name=\"your-subject\"><input size=\"40\" maxlength=\"400\" class=\"wpcf7-form-control wpcf7-text wpcf7-validates-as-required\" aria-required=\"true\" aria-invalid=\"false\" value=\"\" type=\"text\" name=\"your-subject\" \/><\/span> <\/label>\n<\/p>\n<p><label> Message *<br \/>\n<span class=\"wpcf7-form-control-wrap\" data-name=\"your-message\"><textarea cols=\"40\" rows=\"10\" maxlength=\"2000\" class=\"wpcf7-form-control wpcf7-textarea wpcf7-validates-as-required\" aria-required=\"true\" aria-invalid=\"false\" name=\"your-message\"><\/textarea><\/span> <\/label>\n<\/p>\n<p><label> * champs requis <\/label>\n<\/p>\n<p><input class=\"wpcf7-form-control wpcf7-submit has-spinner\" type=\"submit\" value=\"ENVOYER\" \/>\n<\/p>\n<p><label><\/label>\n<\/p><div class=\"wpcf7-response-output\" aria-hidden=\"true\"><\/div>\n<\/form>\n<\/div>\n<br \/>\n&nbsp;<\/p>\n<!-- sktbuilder starter --><script type=\"text\/javascript\" src=\"https:\/\/seasolar.it\/wp-content\/plugins\/skt-builder\/sktbuilder\/sktbuilder-frontend-starter.js\"><\/script><script type=\"text\/javascript\" src=\"https:\/\/seasolar.it\/wp-content\/plugins\/skt-builder\/sktbuilder-wordpress-driver.js\"><\/script><script type=\"text\/javascript\"> var starter = new SktbuilderStarter({\"mode\": \"prod\", \"skip\":[\"jquery\",\"underscore\",\"backbone\"],\"sktbuilderUrl\": \"https:\/\/seasolar.it\/wp-content\/plugins\/skt-builder\/sktbuilder\/\", \"driver\": new SktbuilderWordpressDriver({\"ajaxUrl\": \"https:\/\/seasolar.it\/wp-admin\/admin-ajax.php\", \"iframeUrl\": \"https:\/\/seasolar.it\/fr\/prodotto\/sma-sunny-boy-storage-sbs6-0-10\/?sktbuilder=true\", \"pageId\": 2630,  \"nonce\": \"f7434afef9\", \"pages\": [], \"page\": \"SMA SUNNY BOY STORAGE SBS6.0-10\" }) });<\/script><!-- end sktbuilder starter -->","protected":false},"excerpt":{"rendered":"<p>Single-Phase Retrofit Inverter<br \/>\nThe Sunny Boy Storage 3.7\/5.0\/6.0 is a high-performance SMA battery inverter for private homes. Larger storage systems are easy to implement and are flexible to expand with a total of three battery connections.<\/p>\n","protected":false},"featured_media":2622,"comment_status":"closed","ping_status":"open","template":"","meta":{"jetpack_publicize_message":"","jetpack_publicize_feature_enabled":true,"jetpack_social_post_already_shared":false,"jetpack_social_options":{"image_generator_settings":{"template":"highway","default_image_id":0,"font":"","enabled":false},"version":2}},"product_brand":[320],"product_cat":[200],"product_tag":[208],"class_list":{"0":"post-2630","1":"product","2":"type-product","3":"status-publish","4":"has-post-thumbnail","6":"product_brand-sma","7":"product_cat-inverter","8":"product_tag-sma","10":"first","11":"outofstock","12":"taxable","13":"shipping-taxable","14":"product-type-simple"},"yoast_head":"<!-- This site is optimized with the Yoast SEO Premium plugin v27.0 (Yoast SEO v27.3) - https:\/\/yoast.com\/product\/yoast-seo-premium-wordpress\/ -->\n<title>SMA SUNNY BOY STORAGE SBS6.0-10 - Seasolar ESCo<\/title>\n<meta name=\"robots\" content=\"index, follow, max-snippet:-1, max-image-preview:large, max-video-preview:-1\" \/>\n<link rel=\"canonical\" href=\"https:\/\/seasolar.it\/prodotto\/sma-sunny-boy-storage-sbs6-0-10\/\" \/>\n<meta property=\"og:locale\" content=\"fr_FR\" \/>\n<meta property=\"og:type\" content=\"article\" \/>\n<meta property=\"og:title\" content=\"SMA SUNNY BOY STORAGE SBS6.0-10\" \/>\n<meta property=\"og:description\" content=\"Single-Phase Retrofit Inverter The Sunny Boy Storage 3.7\/5.0\/6.0 is a high-performance SMA battery inverter for private homes. Larger storage systems are easy to implement and are flexible to expand with a total of three battery connections.\" \/>\n<meta property=\"og:url\" content=\"https:\/\/seasolar.it\/prodotto\/sma-sunny-boy-storage-sbs6-0-10\/\" \/>\n<meta property=\"og:site_name\" content=\"Seasolar ESCo\" \/>\n<meta property=\"article:publisher\" content=\"https:\/\/www.facebook.com\/seasolargroup\" \/>\n<meta property=\"article:modified_time\" content=\"2025-11-02T14:58:16+00:00\" \/>\n<meta property=\"og:image\" content=\"https:\/\/seasolar.it\/wp-content\/uploads\/2025\/09\/SBS5-2.png\" \/>\n\t<meta property=\"og:image:width\" content=\"252\" \/>\n\t<meta property=\"og:image:height\" content=\"252\" \/>\n\t<meta property=\"og:image:type\" content=\"image\/png\" \/>\n<meta name=\"twitter:card\" content=\"summary_large_image\" \/>\n<meta name=\"twitter:site\" content=\"@seasolargroup\" \/>\n<meta name=\"twitter:label1\" content=\"Prix\" \/>\n\t<meta name=\"twitter:data1\" content=\"\" \/>\n\t<meta name=\"twitter:label2\" content=\"Disponibilit\u00e9\" \/>\n\t<meta name=\"twitter:data2\" content=\"Rupture de stock\" \/>\n<script type=\"application\/ld+json\" class=\"yoast-schema-graph\">{\"@context\":\"https:\\\/\\\/schema.org\",\"@graph\":[{\"@type\":\"WebPage\",\"@id\":\"https:\\\/\\\/seasolar.it\\\/prodotto\\\/sma-sunny-boy-storage-sbs6-0-10\\\/\",\"url\":\"https:\\\/\\\/seasolar.it\\\/prodotto\\\/sma-sunny-boy-storage-sbs6-0-10\\\/\",\"name\":\"SMA SUNNY BOY STORAGE SBS6.0-10 - Seasolar ESCo\",\"isPartOf\":{\"@id\":\"https:\\\/\\\/seasolar.it\\\/#website\"},\"primaryImageOfPage\":{\"@id\":\"https:\\\/\\\/seasolar.it\\\/prodotto\\\/sma-sunny-boy-storage-sbs6-0-10\\\/#primaryimage\"},\"image\":{\"@id\":\"https:\\\/\\\/seasolar.it\\\/prodotto\\\/sma-sunny-boy-storage-sbs6-0-10\\\/#primaryimage\"},\"thumbnailUrl\":\"https:\\\/\\\/i0.wp.com\\\/seasolar.it\\\/wp-content\\\/uploads\\\/2025\\\/09\\\/SBS5-2.png?fit=252%2C252&ssl=1\",\"datePublished\":\"2018-08-07T23:00:00+00:00\",\"dateModified\":\"2025-11-02T14:58:16+00:00\",\"breadcrumb\":{\"@id\":\"https:\\\/\\\/seasolar.it\\\/prodotto\\\/sma-sunny-boy-storage-sbs6-0-10\\\/#breadcrumb\"},\"inLanguage\":\"fr-FR\",\"potentialAction\":[{\"@type\":\"ReadAction\",\"target\":[\"https:\\\/\\\/seasolar.it\\\/prodotto\\\/sma-sunny-boy-storage-sbs6-0-10\\\/\"]}]},{\"@type\":\"ImageObject\",\"inLanguage\":\"fr-FR\",\"@id\":\"https:\\\/\\\/seasolar.it\\\/prodotto\\\/sma-sunny-boy-storage-sbs6-0-10\\\/#primaryimage\",\"url\":\"https:\\\/\\\/i0.wp.com\\\/seasolar.it\\\/wp-content\\\/uploads\\\/2025\\\/09\\\/SBS5-2.png?fit=252%2C252&ssl=1\",\"contentUrl\":\"https:\\\/\\\/i0.wp.com\\\/seasolar.it\\\/wp-content\\\/uploads\\\/2025\\\/09\\\/SBS5-2.png?fit=252%2C252&ssl=1\",\"width\":252,\"height\":252},{\"@type\":\"BreadcrumbList\",\"@id\":\"https:\\\/\\\/seasolar.it\\\/prodotto\\\/sma-sunny-boy-storage-sbs6-0-10\\\/#breadcrumb\",\"itemListElement\":[{\"@type\":\"ListItem\",\"position\":1,\"name\":\"Home\",\"item\":\"https:\\\/\\\/seasolar.it\\\/\"},{\"@type\":\"ListItem\",\"position\":2,\"name\":\"Prodotti\",\"item\":\"https:\\\/\\\/seasolar.it\\\/prodotti\\\/\"},{\"@type\":\"ListItem\",\"position\":3,\"name\":\"SMA SUNNY BOY STORAGE SBS6.0-10\"}]},{\"@type\":\"WebSite\",\"@id\":\"https:\\\/\\\/seasolar.it\\\/#website\",\"url\":\"https:\\\/\\\/seasolar.it\\\/\",\"name\":\"Seasolar ESCo\",\"description\":\"Dal 2008 consulenza energetica per privati e imprese\",\"publisher\":{\"@id\":\"https:\\\/\\\/seasolar.it\\\/#organization\"},\"potentialAction\":[{\"@type\":\"SearchAction\",\"target\":{\"@type\":\"EntryPoint\",\"urlTemplate\":\"https:\\\/\\\/seasolar.it\\\/?s={search_term_string}\"},\"query-input\":{\"@type\":\"PropertyValueSpecification\",\"valueRequired\":true,\"valueName\":\"search_term_string\"}}],\"inLanguage\":\"fr-FR\"},{\"@type\":\"Organization\",\"@id\":\"https:\\\/\\\/seasolar.it\\\/#organization\",\"name\":\"Seasolar ESCo\",\"url\":\"https:\\\/\\\/seasolar.it\\\/\",\"logo\":{\"@type\":\"ImageObject\",\"inLanguage\":\"fr-FR\",\"@id\":\"https:\\\/\\\/seasolar.it\\\/#\\\/schema\\\/logo\\\/image\\\/\",\"url\":\"https:\\\/\\\/seasolar.it\\\/wp-content\\\/uploads\\\/2025\\\/08\\\/cropped-seasolar_logo_2024_social.png\",\"contentUrl\":\"https:\\\/\\\/seasolar.it\\\/wp-content\\\/uploads\\\/2025\\\/08\\\/cropped-seasolar_logo_2024_social.png\",\"width\":512,\"height\":512,\"caption\":\"Seasolar ESCo\"},\"image\":{\"@id\":\"https:\\\/\\\/seasolar.it\\\/#\\\/schema\\\/logo\\\/image\\\/\"},\"sameAs\":[\"https:\\\/\\\/www.facebook.com\\\/seasolargroup\",\"https:\\\/\\\/x.com\\\/seasolargroup\",\"https:\\\/\\\/www.linkedin.com\\\/in\\\/seasolar-group-news\\\/\",\"https:\\\/\\\/www.youtube.com\\\/channel\\\/UCVrmhrGih_bFnpj0as_vDuQ\",\"https:\\\/\\\/www.instagram.com\\\/fotovoltaico_seasolar\\\/\"]}]}<\/script>\n<meta property=\"product:brand\" content=\"SMA\" \/>\n<meta property=\"product:price:currency\" content=\"EUR\" \/>\n<meta property=\"og:availability\" content=\"out of stock\" \/>\n<meta property=\"product:availability\" content=\"out of stock\" \/>\n<meta property=\"product:condition\" content=\"new\" \/>\n<!-- \/ Yoast SEO Premium plugin. -->","yoast_head_json":{"title":"SMA SUNNY BOY STORAGE SBS6.0-10 - Seasolar ESCo","robots":{"index":"index","follow":"follow","max-snippet":"max-snippet:-1","max-image-preview":"max-image-preview:large","max-video-preview":"max-video-preview:-1"},"canonical":"https:\/\/seasolar.it\/prodotto\/sma-sunny-boy-storage-sbs6-0-10\/","og_locale":"fr_FR","og_type":"article","og_title":"SMA SUNNY BOY STORAGE SBS6.0-10","og_description":"Single-Phase Retrofit Inverter The Sunny Boy Storage 3.7\/5.0\/6.0 is a high-performance SMA battery inverter for private homes. Larger storage systems are easy to implement and are flexible to expand with a total of three battery connections.","og_url":"https:\/\/seasolar.it\/prodotto\/sma-sunny-boy-storage-sbs6-0-10\/","og_site_name":"Seasolar ESCo","article_publisher":"https:\/\/www.facebook.com\/seasolargroup","article_modified_time":"2025-11-02T14:58:16+00:00","og_image":[{"width":252,"height":252,"url":"https:\/\/seasolar.it\/wp-content\/uploads\/2025\/09\/SBS5-2.png","type":"image\/png"}],"twitter_card":"summary_large_image","twitter_site":"@seasolargroup","twitter_misc":{"Prix":"","Disponibilit\u00e9":"Rupture de stock"},"schema":{"@context":"https:\/\/schema.org","@graph":[{"@type":"WebPage","@id":"https:\/\/seasolar.it\/prodotto\/sma-sunny-boy-storage-sbs6-0-10\/","url":"https:\/\/seasolar.it\/prodotto\/sma-sunny-boy-storage-sbs6-0-10\/","name":"SMA SUNNY BOY STORAGE SBS6.0-10 - Seasolar ESCo","isPartOf":{"@id":"https:\/\/seasolar.it\/#website"},"primaryImageOfPage":{"@id":"https:\/\/seasolar.it\/prodotto\/sma-sunny-boy-storage-sbs6-0-10\/#primaryimage"},"image":{"@id":"https:\/\/seasolar.it\/prodotto\/sma-sunny-boy-storage-sbs6-0-10\/#primaryimage"},"thumbnailUrl":"https:\/\/i0.wp.com\/seasolar.it\/wp-content\/uploads\/2025\/09\/SBS5-2.png?fit=252%2C252&ssl=1","datePublished":"2018-08-07T23:00:00+00:00","dateModified":"2025-11-02T14:58:16+00:00","breadcrumb":{"@id":"https:\/\/seasolar.it\/prodotto\/sma-sunny-boy-storage-sbs6-0-10\/#breadcrumb"},"inLanguage":"fr-FR","potentialAction":[{"@type":"ReadAction","target":["https:\/\/seasolar.it\/prodotto\/sma-sunny-boy-storage-sbs6-0-10\/"]}]},{"@type":"ImageObject","inLanguage":"fr-FR","@id":"https:\/\/seasolar.it\/prodotto\/sma-sunny-boy-storage-sbs6-0-10\/#primaryimage","url":"https:\/\/i0.wp.com\/seasolar.it\/wp-content\/uploads\/2025\/09\/SBS5-2.png?fit=252%2C252&ssl=1","contentUrl":"https:\/\/i0.wp.com\/seasolar.it\/wp-content\/uploads\/2025\/09\/SBS5-2.png?fit=252%2C252&ssl=1","width":252,"height":252},{"@type":"BreadcrumbList","@id":"https:\/\/seasolar.it\/prodotto\/sma-sunny-boy-storage-sbs6-0-10\/#breadcrumb","itemListElement":[{"@type":"ListItem","position":1,"name":"Home","item":"https:\/\/seasolar.it\/"},{"@type":"ListItem","position":2,"name":"Prodotti","item":"https:\/\/seasolar.it\/prodotti\/"},{"@type":"ListItem","position":3,"name":"SMA SUNNY BOY STORAGE SBS6.0-10"}]},{"@type":"WebSite","@id":"https:\/\/seasolar.it\/#website","url":"https:\/\/seasolar.it\/","name":"Seasolar ESCo","description":"Dal 2008 consulenza energetica per privati e imprese","publisher":{"@id":"https:\/\/seasolar.it\/#organization"},"potentialAction":[{"@type":"SearchAction","target":{"@type":"EntryPoint","urlTemplate":"https:\/\/seasolar.it\/?s={search_term_string}"},"query-input":{"@type":"PropertyValueSpecification","valueRequired":true,"valueName":"search_term_string"}}],"inLanguage":"fr-FR"},{"@type":"Organization","@id":"https:\/\/seasolar.it\/#organization","name":"Seasolar ESCo","url":"https:\/\/seasolar.it\/","logo":{"@type":"ImageObject","inLanguage":"fr-FR","@id":"https:\/\/seasolar.it\/#\/schema\/logo\/image\/","url":"https:\/\/seasolar.it\/wp-content\/uploads\/2025\/08\/cropped-seasolar_logo_2024_social.png","contentUrl":"https:\/\/seasolar.it\/wp-content\/uploads\/2025\/08\/cropped-seasolar_logo_2024_social.png","width":512,"height":512,"caption":"Seasolar ESCo"},"image":{"@id":"https:\/\/seasolar.it\/#\/schema\/logo\/image\/"},"sameAs":["https:\/\/www.facebook.com\/seasolargroup","https:\/\/x.com\/seasolargroup","https:\/\/www.linkedin.com\/in\/seasolar-group-news\/","https:\/\/www.youtube.com\/channel\/UCVrmhrGih_bFnpj0as_vDuQ","https:\/\/www.instagram.com\/fotovoltaico_seasolar\/"]}]},"product_brand":"SMA","product_price_currency":"EUR","og_availability":"out of stock","product_availability":"out of stock","product_condition":"new"},"jetpack_publicize_connections":[],"jetpack_likes_enabled":true,"jetpack-related-posts":[],"jetpack_sharing_enabled":true,"_links":{"self":[{"href":"https:\/\/seasolar.it\/fr\/wp-json\/wp\/v2\/product\/2630","targetHints":{"allow":["GET"]}}],"collection":[{"href":"https:\/\/seasolar.it\/fr\/wp-json\/wp\/v2\/product"}],"about":[{"href":"https:\/\/seasolar.it\/fr\/wp-json\/wp\/v2\/types\/product"}],"replies":[{"embeddable":true,"href":"https:\/\/seasolar.it\/fr\/wp-json\/wp\/v2\/comments?post=2630"}],"wp:featuredmedia":[{"embeddable":true,"href":"https:\/\/seasolar.it\/fr\/wp-json\/wp\/v2\/media\/2622"}],"wp:attachment":[{"href":"https:\/\/seasolar.it\/fr\/wp-json\/wp\/v2\/media?parent=2630"}],"wp:term":[{"taxonomy":"product_brand","embeddable":true,"href":"https:\/\/seasolar.it\/fr\/wp-json\/wp\/v2\/product_brand?post=2630"},{"taxonomy":"product_cat","embeddable":true,"href":"https:\/\/seasolar.it\/fr\/wp-json\/wp\/v2\/product_cat?post=2630"},{"taxonomy":"product_tag","embeddable":true,"href":"https:\/\/seasolar.it\/fr\/wp-json\/wp\/v2\/product_tag?post=2630"}],"curies":[{"name":"wp","href":"https:\/\/api.w.org\/{rel}","templated":true}]}}