{"id":2150,"date":"2018-06-18T00:00:00","date_gmt":"2018-06-17T23:00:00","guid":{"rendered":"https:\/\/seasolar.it\/prodotto\/trina-solar-honey-tsm-dd05a-08-300\/"},"modified":"2025-11-02T12:39:22","modified_gmt":"2025-11-02T11:39:22","slug":"trina-solar-honey-tsm-dd05a-08-300","status":"publish","type":"product","link":"https:\/\/seasolar.it\/de\/prodotto\/trina-solar-honey-tsm-dd05a-08-300\/","title":{"rendered":"TRINA SOLAR HONEY TSM-DD05A.08-300"},"content":{"rendered":"<p><img data-recalc-dims=\"1\" loading=\"lazy\" decoding=\"async\" class=\"aligncenter size-full wp-image-2903\" src=\"https:\/\/i0.wp.com\/seasolar.it\/wp-content\/uploads\/2025\/09\/TSM-DD05-1.png?resize=1114%2C1580&#038;ssl=1\" alt=\"\" width=\"1114\" height=\"1580\" data-id=\"2903\" \/><br \/>\n<img data-recalc-dims=\"1\" loading=\"lazy\" decoding=\"async\" class=\"aligncenter size-full wp-image-2904\" src=\"https:\/\/i0.wp.com\/seasolar.it\/wp-content\/uploads\/2025\/09\/TSM-DD05-2.png?resize=1115%2C1578&#038;ssl=1\" alt=\"\" width=\"1115\" height=\"1578\" data-id=\"2904\" \/><br \/>\n\r\n\t\t<div class=\"divider4\"><span><\/span><\/div>\r\n\t\t<\/p>\n<h2>Downloads<\/h2>\n<p><a href=\"https:\/\/seasolargroup.com\/wp-content\/uploads\/2018\/06\/EN_TSM_DD05A_08_II_plus_datasheet_B_2017_web.pdf\" target=\"_blank\" rel=\"noopener noreferrer\">EN_TSM_DD05A_08_II_plus_datasheet_B_2017_web<\/a><br \/>\n&nbsp;<br \/>\n<a href=\"https:\/\/seasolargroup.com\/wp-content\/uploads\/2018\/06\/EN_Warranty_2018_01.pdf\" target=\"_blank\" rel=\"noopener noreferrer\">EN_Warranty_2018_01<\/a><br \/>\n&nbsp;<br \/>\n<a href=\"https:\/\/seasolargroup.com\/wp-content\/uploads\/2018\/06\/EN_02_PS-M-0525_A_User_Manual_Frame_201706.pdf\" target=\"_blank\" rel=\"noopener noreferrer\">EN_02_PS-M-0525_A_User_Manual_Frame_201706<\/a><br \/>\n\r\n\t\t<div class=\"divider4\"><span><\/span><\/div>\r\n\t\t<\/p>\n<h2>Related offers<\/h2>\n<p><a href=\"https:\/\/seasolargroup.com\/tag\/trina-solar\/\">Offers for Trina Solar<\/a><br \/>\n\r\n\t\t<div class=\"divider4\"><span><\/span><\/div>\r\n\t\t<\/p>\n<h2>Related projects<\/h2>\n<p><br \/>\n&nbsp;<br \/>\n<br \/>\n\r\n\t\t<div class=\"divider4\"><span><\/span><\/div>\r\n\t\t<\/p>\n<h2>Contact<\/h2>\n<p>Please contact us with any questions you might have related to our offers or our products. We look forward to hearing how we can make the difference to you \/ Vi preghiamo di contattarci per eventuali domande relative alle nostre offerte o ai nostri prodotti. Non vediamo l\u2019ora di sentire come possiamo fare la differenza per voi \/ Bitte kontaktieren Sie uns, wenn Sie Fragen zu unseren Angeboten oder unseren Produkten haben. Wir freuen uns zu h\u00f6ren, wie wir den Unterschied f\u00fcr Sie machen k\u00f6nnen\/N\u2019h\u00e9sitez pas \u00e0 nous contacter pour toute question concernant nos offres ou nos produits. Nous avons h\u00e2te d\u2019entendre comment nous pouvons faire la diff\u00e9rence pour vous \/ Por favor cont\u00e1ctenos con cualquier pregunta que pueda tener relacionada con nuestras ofertas o nuestros productos. Esperamos escuchar c\u00f3mo podemos marcar la diferencia para usted.<br \/>\n&nbsp;<br \/>\n\n<div class=\"wpcf7 no-js\" id=\"wpcf7-f392-o1\" lang=\"en-US\" dir=\"ltr\" data-wpcf7-id=\"392\">\n<div class=\"screen-reader-response\"><p role=\"status\" aria-live=\"polite\" aria-atomic=\"true\"><\/p> <ul><\/ul><\/div>\n<form action=\"\/de\/wp-json\/wp\/v2\/product\/2150#wpcf7-f392-o1\" method=\"post\" class=\"wpcf7-form init\" aria-label=\"Contact form\" novalidate=\"novalidate\" data-status=\"init\">\n<fieldset class=\"hidden-fields-container\"><input type=\"hidden\" name=\"_wpcf7\" value=\"392\" \/><input type=\"hidden\" name=\"_wpcf7_version\" value=\"6.1.5\" \/><input type=\"hidden\" name=\"_wpcf7_locale\" value=\"en_US\" \/><input type=\"hidden\" name=\"_wpcf7_unit_tag\" value=\"wpcf7-f392-o1\" \/><input type=\"hidden\" name=\"_wpcf7_container_post\" value=\"0\" \/><input type=\"hidden\" name=\"_wpcf7_posted_data_hash\" value=\"\" \/>\n<\/fieldset>\n<p><label> <\/label>\n<\/p>\n<h2>Kontakt\n<\/h2>\n<p>&nbsp;<br \/>\n<label> Bitte kontaktieren Sie uns, wenn Sie Fragen zu unseren Angeboten oder unseren Produkten haben <\/label>\n<\/p>\n<p><label> Schreiben Sie an <a href=\"mailto:info@seasolar.it\">info@seasolar.it<\/a> oder f\u00fcllen Sie das folgende Formular aus und wir werden Sie kontaktieren: <\/label>\n<\/p>\n<p><label> Name *<br \/>\n<span class=\"wpcf7-form-control-wrap\" data-name=\"your-name\"><input size=\"40\" maxlength=\"400\" class=\"wpcf7-form-control wpcf7-text wpcf7-validates-as-required\" aria-required=\"true\" aria-invalid=\"false\" value=\"\" type=\"text\" name=\"your-name\" \/><\/span><\/label>\n<\/p>\n<p><label> Telefonnummer *<br \/>\n<span class=\"wpcf7-form-control-wrap\" data-name=\"tel-826\"><input size=\"40\" maxlength=\"400\" class=\"wpcf7-form-control wpcf7-tel wpcf7-validates-as-required wpcf7-text wpcf7-validates-as-tel\" aria-required=\"true\" aria-invalid=\"false\" value=\"\" type=\"tel\" name=\"tel-826\" \/><\/span><\/label>\n<\/p>\n<p><label> Deine E-Mail *<br \/>\n<span class=\"wpcf7-form-control-wrap\" data-name=\"your-email\"><input size=\"40\" maxlength=\"400\" class=\"wpcf7-form-control wpcf7-email wpcf7-validates-as-required wpcf7-text wpcf7-validates-as-email\" aria-required=\"true\" aria-invalid=\"false\" value=\"\" type=\"email\" name=\"your-email\" \/><\/span><\/label>\n<\/p>\n<p><label> Thema *<br \/>\n<span class=\"wpcf7-form-control-wrap\" data-name=\"your-subject\"><input size=\"40\" maxlength=\"400\" class=\"wpcf7-form-control wpcf7-text wpcf7-validates-as-required\" aria-required=\"true\" aria-invalid=\"false\" value=\"\" type=\"text\" name=\"your-subject\" \/><\/span> <\/label>\n<\/p>\n<p><label> Nachricht *<br \/>\n<span class=\"wpcf7-form-control-wrap\" data-name=\"your-message\"><textarea cols=\"40\" rows=\"10\" maxlength=\"2000\" class=\"wpcf7-form-control wpcf7-textarea wpcf7-validates-as-required\" aria-required=\"true\" aria-invalid=\"false\" name=\"your-message\"><\/textarea><\/span> <\/label>\n<\/p>\n<p><label> * Pflichtfeld <\/label>\n<\/p>\n<p><input class=\"wpcf7-form-control wpcf7-submit has-spinner\" type=\"submit\" value=\"SENDEN\" \/>\n<\/p>\n<p><label><\/label>\n<\/p><div class=\"wpcf7-response-output\" aria-hidden=\"true\"><\/div>\n<\/form>\n<\/div>\n<br \/>\n&nbsp;<\/p>\n<!-- sktbuilder starter --><script type=\"text\/javascript\" src=\"https:\/\/seasolar.it\/wp-content\/plugins\/skt-builder\/sktbuilder\/sktbuilder-frontend-starter.js\"><\/script><script type=\"text\/javascript\" src=\"https:\/\/seasolar.it\/wp-content\/plugins\/skt-builder\/sktbuilder-wordpress-driver.js\"><\/script><script type=\"text\/javascript\"> var starter = new SktbuilderStarter({\"mode\": \"prod\", \"skip\":[\"jquery\",\"underscore\",\"backbone\"],\"sktbuilderUrl\": \"https:\/\/seasolar.it\/wp-content\/plugins\/skt-builder\/sktbuilder\/\", \"driver\": new SktbuilderWordpressDriver({\"ajaxUrl\": \"https:\/\/seasolar.it\/wp-admin\/admin-ajax.php\", \"iframeUrl\": \"https:\/\/seasolar.it\/de\/prodotto\/trina-solar-honey-tsm-dd05a-08-300\/?sktbuilder=true\", \"pageId\": 2150,  \"nonce\": \"1788e31d4e\", \"pages\": [], \"page\": \"TRINA SOLAR HONEY TSM-DD05A.08-300\" }) });<\/script><!-- end sktbuilder starter -->","protected":false},"excerpt":{"rendered":"<p>Monocrystalline module 60 cells<br \/>\nAvailable in both mono- and multicrystalline options, the HONEY series is perfect for small rooftop systems. HONEY panels can generate high amounts of energy even when space is limited. As one of the industry\u2019s most trusted panels, the HONEY module is a popular option for residential and commercial customers because of its reliability, pleasing aesthetics and compatibility with all major balance of system components and module electronics.<\/p>\n","protected":false},"featured_media":2146,"comment_status":"closed","ping_status":"closed","template":"","meta":{"jetpack_publicize_message":"","jetpack_publicize_feature_enabled":true,"jetpack_social_post_already_shared":false,"jetpack_social_options":{"image_generator_settings":{"template":"highway","default_image_id":0,"font":"","enabled":false},"version":2}},"product_brand":[341],"product_cat":[180,183],"product_tag":[196],"class_list":{"0":"post-2150","1":"product","2":"type-product","3":"status-publish","4":"has-post-thumbnail","6":"product_brand-trina-solar","7":"product_cat-modulo-fotovoltaico","8":"product_cat-modulo-monocristallino","9":"product_tag-trina-solar","11":"first","12":"outofstock","13":"taxable","14":"shipping-taxable","15":"product-type-simple"},"yoast_head":"<!-- This site is optimized with the Yoast SEO Premium plugin v27.0 (Yoast SEO v27.3) - https:\/\/yoast.com\/product\/yoast-seo-premium-wordpress\/ -->\n<title>TRINA SOLAR HONEY TSM-DD05A.08-300 - Seasolar ESCo<\/title>\n<meta name=\"robots\" content=\"index, follow, max-snippet:-1, max-image-preview:large, max-video-preview:-1\" \/>\n<link rel=\"canonical\" href=\"https:\/\/seasolar.it\/prodotto\/trina-solar-honey-tsm-dd05a-08-300\/\" \/>\n<meta property=\"og:locale\" content=\"de_DE\" \/>\n<meta property=\"og:type\" content=\"article\" \/>\n<meta property=\"og:title\" content=\"TRINA SOLAR HONEY TSM-DD05A.08-300\" \/>\n<meta property=\"og:description\" content=\"Monocrystalline module 60 cells Available in both mono- and multicrystalline options, the HONEY series is perfect for small rooftop systems. HONEY panels can generate high amounts of energy even when space is limited. As one of the industry\u2019s most trusted panels, the HONEY module is a popular option for residential and commercial customers because of its reliability, pleasing aesthetics and compatibility with all major balance of system components and module electronics.\" \/>\n<meta property=\"og:url\" content=\"https:\/\/seasolar.it\/prodotto\/trina-solar-honey-tsm-dd05a-08-300\/\" \/>\n<meta property=\"og:site_name\" content=\"Seasolar ESCo\" \/>\n<meta property=\"article:publisher\" content=\"https:\/\/www.facebook.com\/seasolargroup\" \/>\n<meta property=\"article:modified_time\" content=\"2025-11-02T11:39:22+00:00\" \/>\n<meta property=\"og:image\" content=\"https:\/\/seasolar.it\/wp-content\/uploads\/2025\/09\/trinasolar_logo.jpg\" \/>\n\t<meta property=\"og:image:width\" content=\"512\" \/>\n\t<meta property=\"og:image:height\" content=\"512\" \/>\n\t<meta property=\"og:image:type\" content=\"image\/jpeg\" \/>\n<meta name=\"twitter:card\" content=\"summary_large_image\" \/>\n<meta name=\"twitter:site\" content=\"@seasolargroup\" \/>\n<meta name=\"twitter:label1\" content=\"Preis\" \/>\n\t<meta name=\"twitter:data1\" content=\"\" \/>\n\t<meta name=\"twitter:label2\" content=\"Verf\u00fcgbarkeit\" \/>\n\t<meta name=\"twitter:data2\" content=\"ausverkauft\" \/>\n<script type=\"application\/ld+json\" class=\"yoast-schema-graph\">{\"@context\":\"https:\\\/\\\/schema.org\",\"@graph\":[{\"@type\":\"WebPage\",\"@id\":\"https:\\\/\\\/seasolar.it\\\/prodotto\\\/trina-solar-honey-tsm-dd05a-08-300\\\/\",\"url\":\"https:\\\/\\\/seasolar.it\\\/prodotto\\\/trina-solar-honey-tsm-dd05a-08-300\\\/\",\"name\":\"TRINA SOLAR HONEY TSM-DD05A.08-300 - Seasolar ESCo\",\"isPartOf\":{\"@id\":\"https:\\\/\\\/seasolar.it\\\/#website\"},\"primaryImageOfPage\":{\"@id\":\"https:\\\/\\\/seasolar.it\\\/prodotto\\\/trina-solar-honey-tsm-dd05a-08-300\\\/#primaryimage\"},\"image\":{\"@id\":\"https:\\\/\\\/seasolar.it\\\/prodotto\\\/trina-solar-honey-tsm-dd05a-08-300\\\/#primaryimage\"},\"thumbnailUrl\":\"https:\\\/\\\/i0.wp.com\\\/seasolar.it\\\/wp-content\\\/uploads\\\/2025\\\/09\\\/trinasolar_logo.jpg?fit=512%2C512&ssl=1\",\"datePublished\":\"2018-06-17T23:00:00+00:00\",\"dateModified\":\"2025-11-02T11:39:22+00:00\",\"breadcrumb\":{\"@id\":\"https:\\\/\\\/seasolar.it\\\/prodotto\\\/trina-solar-honey-tsm-dd05a-08-300\\\/#breadcrumb\"},\"inLanguage\":\"de\",\"potentialAction\":[{\"@type\":\"ReadAction\",\"target\":[\"https:\\\/\\\/seasolar.it\\\/prodotto\\\/trina-solar-honey-tsm-dd05a-08-300\\\/\"]}]},{\"@type\":\"ImageObject\",\"inLanguage\":\"de\",\"@id\":\"https:\\\/\\\/seasolar.it\\\/prodotto\\\/trina-solar-honey-tsm-dd05a-08-300\\\/#primaryimage\",\"url\":\"https:\\\/\\\/i0.wp.com\\\/seasolar.it\\\/wp-content\\\/uploads\\\/2025\\\/09\\\/trinasolar_logo.jpg?fit=512%2C512&ssl=1\",\"contentUrl\":\"https:\\\/\\\/i0.wp.com\\\/seasolar.it\\\/wp-content\\\/uploads\\\/2025\\\/09\\\/trinasolar_logo.jpg?fit=512%2C512&ssl=1\",\"width\":512,\"height\":512},{\"@type\":\"BreadcrumbList\",\"@id\":\"https:\\\/\\\/seasolar.it\\\/prodotto\\\/trina-solar-honey-tsm-dd05a-08-300\\\/#breadcrumb\",\"itemListElement\":[{\"@type\":\"ListItem\",\"position\":1,\"name\":\"Home\",\"item\":\"https:\\\/\\\/seasolar.it\\\/\"},{\"@type\":\"ListItem\",\"position\":2,\"name\":\"Prodotti\",\"item\":\"https:\\\/\\\/seasolar.it\\\/prodotti\\\/\"},{\"@type\":\"ListItem\",\"position\":3,\"name\":\"TRINA SOLAR HONEY TSM-DD05A.08-300\"}]},{\"@type\":\"WebSite\",\"@id\":\"https:\\\/\\\/seasolar.it\\\/#website\",\"url\":\"https:\\\/\\\/seasolar.it\\\/\",\"name\":\"Seasolar ESCo\",\"description\":\"Dal 2008 consulenza energetica per privati e imprese\",\"publisher\":{\"@id\":\"https:\\\/\\\/seasolar.it\\\/#organization\"},\"potentialAction\":[{\"@type\":\"SearchAction\",\"target\":{\"@type\":\"EntryPoint\",\"urlTemplate\":\"https:\\\/\\\/seasolar.it\\\/?s={search_term_string}\"},\"query-input\":{\"@type\":\"PropertyValueSpecification\",\"valueRequired\":true,\"valueName\":\"search_term_string\"}}],\"inLanguage\":\"de\"},{\"@type\":\"Organization\",\"@id\":\"https:\\\/\\\/seasolar.it\\\/#organization\",\"name\":\"Seasolar ESCo\",\"url\":\"https:\\\/\\\/seasolar.it\\\/\",\"logo\":{\"@type\":\"ImageObject\",\"inLanguage\":\"de\",\"@id\":\"https:\\\/\\\/seasolar.it\\\/#\\\/schema\\\/logo\\\/image\\\/\",\"url\":\"https:\\\/\\\/seasolar.it\\\/wp-content\\\/uploads\\\/2025\\\/08\\\/cropped-seasolar_logo_2024_social.png\",\"contentUrl\":\"https:\\\/\\\/seasolar.it\\\/wp-content\\\/uploads\\\/2025\\\/08\\\/cropped-seasolar_logo_2024_social.png\",\"width\":512,\"height\":512,\"caption\":\"Seasolar ESCo\"},\"image\":{\"@id\":\"https:\\\/\\\/seasolar.it\\\/#\\\/schema\\\/logo\\\/image\\\/\"},\"sameAs\":[\"https:\\\/\\\/www.facebook.com\\\/seasolargroup\",\"https:\\\/\\\/x.com\\\/seasolargroup\",\"https:\\\/\\\/www.linkedin.com\\\/in\\\/seasolar-group-news\\\/\",\"https:\\\/\\\/www.youtube.com\\\/channel\\\/UCVrmhrGih_bFnpj0as_vDuQ\",\"https:\\\/\\\/www.instagram.com\\\/fotovoltaico_seasolar\\\/\"]}]}<\/script>\n<meta property=\"product:brand\" content=\"TRINA SOLAR\" \/>\n<meta property=\"product:price:currency\" content=\"EUR\" \/>\n<meta property=\"og:availability\" content=\"out of stock\" \/>\n<meta property=\"product:availability\" content=\"out of stock\" \/>\n<meta property=\"product:condition\" content=\"new\" \/>\n<!-- \/ Yoast SEO Premium plugin. -->","yoast_head_json":{"title":"TRINA SOLAR HONEY TSM-DD05A.08-300 - Seasolar ESCo","robots":{"index":"index","follow":"follow","max-snippet":"max-snippet:-1","max-image-preview":"max-image-preview:large","max-video-preview":"max-video-preview:-1"},"canonical":"https:\/\/seasolar.it\/prodotto\/trina-solar-honey-tsm-dd05a-08-300\/","og_locale":"de_DE","og_type":"article","og_title":"TRINA SOLAR HONEY TSM-DD05A.08-300","og_description":"Monocrystalline module 60 cells Available in both mono- and multicrystalline options, the HONEY series is perfect for small rooftop systems. HONEY panels can generate high amounts of energy even when space is limited. As one of the industry\u2019s most trusted panels, the HONEY module is a popular option for residential and commercial customers because of its reliability, pleasing aesthetics and compatibility with all major balance of system components and module electronics.","og_url":"https:\/\/seasolar.it\/prodotto\/trina-solar-honey-tsm-dd05a-08-300\/","og_site_name":"Seasolar ESCo","article_publisher":"https:\/\/www.facebook.com\/seasolargroup","article_modified_time":"2025-11-02T11:39:22+00:00","og_image":[{"width":512,"height":512,"url":"https:\/\/seasolar.it\/wp-content\/uploads\/2025\/09\/trinasolar_logo.jpg","type":"image\/jpeg"}],"twitter_card":"summary_large_image","twitter_site":"@seasolargroup","twitter_misc":{"Preis":"","Verf\u00fcgbarkeit":"ausverkauft"},"schema":{"@context":"https:\/\/schema.org","@graph":[{"@type":"WebPage","@id":"https:\/\/seasolar.it\/prodotto\/trina-solar-honey-tsm-dd05a-08-300\/","url":"https:\/\/seasolar.it\/prodotto\/trina-solar-honey-tsm-dd05a-08-300\/","name":"TRINA SOLAR HONEY TSM-DD05A.08-300 - Seasolar ESCo","isPartOf":{"@id":"https:\/\/seasolar.it\/#website"},"primaryImageOfPage":{"@id":"https:\/\/seasolar.it\/prodotto\/trina-solar-honey-tsm-dd05a-08-300\/#primaryimage"},"image":{"@id":"https:\/\/seasolar.it\/prodotto\/trina-solar-honey-tsm-dd05a-08-300\/#primaryimage"},"thumbnailUrl":"https:\/\/i0.wp.com\/seasolar.it\/wp-content\/uploads\/2025\/09\/trinasolar_logo.jpg?fit=512%2C512&ssl=1","datePublished":"2018-06-17T23:00:00+00:00","dateModified":"2025-11-02T11:39:22+00:00","breadcrumb":{"@id":"https:\/\/seasolar.it\/prodotto\/trina-solar-honey-tsm-dd05a-08-300\/#breadcrumb"},"inLanguage":"de","potentialAction":[{"@type":"ReadAction","target":["https:\/\/seasolar.it\/prodotto\/trina-solar-honey-tsm-dd05a-08-300\/"]}]},{"@type":"ImageObject","inLanguage":"de","@id":"https:\/\/seasolar.it\/prodotto\/trina-solar-honey-tsm-dd05a-08-300\/#primaryimage","url":"https:\/\/i0.wp.com\/seasolar.it\/wp-content\/uploads\/2025\/09\/trinasolar_logo.jpg?fit=512%2C512&ssl=1","contentUrl":"https:\/\/i0.wp.com\/seasolar.it\/wp-content\/uploads\/2025\/09\/trinasolar_logo.jpg?fit=512%2C512&ssl=1","width":512,"height":512},{"@type":"BreadcrumbList","@id":"https:\/\/seasolar.it\/prodotto\/trina-solar-honey-tsm-dd05a-08-300\/#breadcrumb","itemListElement":[{"@type":"ListItem","position":1,"name":"Home","item":"https:\/\/seasolar.it\/"},{"@type":"ListItem","position":2,"name":"Prodotti","item":"https:\/\/seasolar.it\/prodotti\/"},{"@type":"ListItem","position":3,"name":"TRINA SOLAR HONEY TSM-DD05A.08-300"}]},{"@type":"WebSite","@id":"https:\/\/seasolar.it\/#website","url":"https:\/\/seasolar.it\/","name":"Seasolar ESCo","description":"Dal 2008 consulenza energetica per privati e imprese","publisher":{"@id":"https:\/\/seasolar.it\/#organization"},"potentialAction":[{"@type":"SearchAction","target":{"@type":"EntryPoint","urlTemplate":"https:\/\/seasolar.it\/?s={search_term_string}"},"query-input":{"@type":"PropertyValueSpecification","valueRequired":true,"valueName":"search_term_string"}}],"inLanguage":"de"},{"@type":"Organization","@id":"https:\/\/seasolar.it\/#organization","name":"Seasolar ESCo","url":"https:\/\/seasolar.it\/","logo":{"@type":"ImageObject","inLanguage":"de","@id":"https:\/\/seasolar.it\/#\/schema\/logo\/image\/","url":"https:\/\/seasolar.it\/wp-content\/uploads\/2025\/08\/cropped-seasolar_logo_2024_social.png","contentUrl":"https:\/\/seasolar.it\/wp-content\/uploads\/2025\/08\/cropped-seasolar_logo_2024_social.png","width":512,"height":512,"caption":"Seasolar ESCo"},"image":{"@id":"https:\/\/seasolar.it\/#\/schema\/logo\/image\/"},"sameAs":["https:\/\/www.facebook.com\/seasolargroup","https:\/\/x.com\/seasolargroup","https:\/\/www.linkedin.com\/in\/seasolar-group-news\/","https:\/\/www.youtube.com\/channel\/UCVrmhrGih_bFnpj0as_vDuQ","https:\/\/www.instagram.com\/fotovoltaico_seasolar\/"]}]},"product_brand":"TRINA SOLAR","product_price_currency":"EUR","og_availability":"out of stock","product_availability":"out of stock","product_condition":"new"},"jetpack_publicize_connections":[],"jetpack_likes_enabled":true,"jetpack-related-posts":[],"jetpack_sharing_enabled":true,"_links":{"self":[{"href":"https:\/\/seasolar.it\/de\/wp-json\/wp\/v2\/product\/2150","targetHints":{"allow":["GET"]}}],"collection":[{"href":"https:\/\/seasolar.it\/de\/wp-json\/wp\/v2\/product"}],"about":[{"href":"https:\/\/seasolar.it\/de\/wp-json\/wp\/v2\/types\/product"}],"replies":[{"embeddable":true,"href":"https:\/\/seasolar.it\/de\/wp-json\/wp\/v2\/comments?post=2150"}],"wp:featuredmedia":[{"embeddable":true,"href":"https:\/\/seasolar.it\/de\/wp-json\/wp\/v2\/media\/2146"}],"wp:attachment":[{"href":"https:\/\/seasolar.it\/de\/wp-json\/wp\/v2\/media?parent=2150"}],"wp:term":[{"taxonomy":"product_brand","embeddable":true,"href":"https:\/\/seasolar.it\/de\/wp-json\/wp\/v2\/product_brand?post=2150"},{"taxonomy":"product_cat","embeddable":true,"href":"https:\/\/seasolar.it\/de\/wp-json\/wp\/v2\/product_cat?post=2150"},{"taxonomy":"product_tag","embeddable":true,"href":"https:\/\/seasolar.it\/de\/wp-json\/wp\/v2\/product_tag?post=2150"}],"curies":[{"name":"wp","href":"https:\/\/api.w.org\/{rel}","templated":true}]}}