{"id":2,"date":"2025-08-14T17:16:47","date_gmt":"2025-08-14T17:16:47","guid":{"rendered":"https:\/\/seasolar.it\/?page_id=2"},"modified":"2026-01-16T17:34:19","modified_gmt":"2026-01-16T16:34:19","slug":"chi-siamo","status":"publish","type":"page","link":"https:\/\/seasolar.it\/de\/chi-siamo\/","title":{"rendered":"\u00dcber uns"},"content":{"rendered":"<p><span style=\"color: #ffffff;\">\u00dcber uns<\/span><\/p>\n<h2>\u00dcber uns<\/h2>\n<p><span style=\"color: #ffffff;\">\u00dcber uns<\/span><br \/>\nDie Seasolar gruppe mit Niederlassungen in Berlin, Lugano und Mailand ist seit 2008 im Bereich der erneuerbaren Energien t\u00e4tig.<\/p>\n<p>Seasolar ESCo bietet Beratungsleistungen in den Bereichen Energieeffizienz, Energiemanagement und Verbrauchsoptimierung f\u00fcr Privatpersonen und Unternehmen aus Industrie und Dienstleistungssektor an.<\/p>\n<p>Ziel ist es, die Verbrauchseffizienz unserer Kunden zu verbessern, die Zuverl\u00e4ssigkeit und Sicherheit der Produktion zu erh\u00f6hen und durch Kostensenkung aktiv zur Energiewende beizutragen.<\/p>\n<p>Seasolar ESCo finanziert, plant, entwickelt und baut Photovoltaikanlagen \u2013 sowohl auf D\u00e4chern als auch auf Freifl\u00e4chen \u2013 und bietet dabei verschiedene Vertragsoptionen, die individuell auf die Kundenbed\u00fcrfnisse zugeschnitten sind.<br \/>\n<span style=\"color: #ffffff;\"><\/span><br \/>\n\r\n\t\t<div class=\"divider4\"><span><\/span><\/div>\r\n\t\t<\/p>\n<h2>Hauptsitz<\/h2>\n<p><img data-recalc-dims=\"1\" loading=\"lazy\" decoding=\"async\" src=\"https:\/\/i0.wp.com\/seasolar.it\/wp-content\/uploads\/2026\/01\/seasolar-milano.jpg?resize=739%2C550&#038;ssl=1\" alt=\"\" width=\"739\" height=\"550\" class=\"alignnone size-full wp-image-4104\" srcset=\"https:\/\/i0.wp.com\/seasolar.it\/wp-content\/uploads\/2026\/01\/seasolar-milano.jpg?w=739&amp;ssl=1 739w, https:\/\/i0.wp.com\/seasolar.it\/wp-content\/uploads\/2026\/01\/seasolar-milano.jpg?resize=300%2C223&amp;ssl=1 300w\" sizes=\"auto, (max-width: 739px) 100vw, 739px\" \/><br \/>\nDer Hauptsitz von Seasolar ESCo befindet sich in Mailand, Viale Enrico Forlanini 23, in der N\u00e4he des Flughafens Mailand-Linate und der wichtigsten Verkehrsadern der Stadt.<\/p>\n<p>Mit Niederlassungen in Verona, Florenz und Cagliari ist Seasolar ESCo in ganz Nord- und Mittelitalien vertreten.<br \/>\n\r\n\t\t<div class=\"divider4\"><span><\/span><\/div>\r\n\t\t<br \/>\n\n<div class=\"wpcf7 no-js\" id=\"wpcf7-f392-o3\" lang=\"en-US\" dir=\"ltr\" data-wpcf7-id=\"392\">\n<div class=\"screen-reader-response\"><p role=\"status\" aria-live=\"polite\" aria-atomic=\"true\"><\/p> <ul><\/ul><\/div>\n<form action=\"\/de\/wp-json\/wp\/v2\/pages\/2#wpcf7-f392-o3\" method=\"post\" class=\"wpcf7-form init\" aria-label=\"Contact form\" novalidate=\"novalidate\" data-status=\"init\">\n<fieldset class=\"hidden-fields-container\"><input type=\"hidden\" name=\"_wpcf7\" value=\"392\" \/><input type=\"hidden\" name=\"_wpcf7_version\" value=\"6.1.5\" \/><input type=\"hidden\" name=\"_wpcf7_locale\" value=\"en_US\" \/><input type=\"hidden\" name=\"_wpcf7_unit_tag\" value=\"wpcf7-f392-o3\" \/><input type=\"hidden\" name=\"_wpcf7_container_post\" value=\"0\" \/><input type=\"hidden\" name=\"_wpcf7_posted_data_hash\" value=\"\" \/>\n<\/fieldset>\n<p><label> <\/label>\n<\/p>\n<h2>Kontakt\n<\/h2>\n<p>&nbsp;<br \/>\n<label> Bitte kontaktieren Sie uns, wenn Sie Fragen zu unseren Angeboten oder unseren Produkten haben <\/label>\n<\/p>\n<p><label> Schreiben Sie an <a href=\"mailto:info@seasolar.it\">info@seasolar.it<\/a> oder f\u00fcllen Sie das folgende Formular aus und wir werden Sie kontaktieren: <\/label>\n<\/p>\n<p><label> Name *<br \/>\n<span class=\"wpcf7-form-control-wrap\" data-name=\"your-name\"><input size=\"40\" maxlength=\"400\" class=\"wpcf7-form-control wpcf7-text wpcf7-validates-as-required\" aria-required=\"true\" aria-invalid=\"false\" value=\"\" type=\"text\" name=\"your-name\" \/><\/span><\/label>\n<\/p>\n<p><label> Telefonnummer *<br \/>\n<span class=\"wpcf7-form-control-wrap\" data-name=\"tel-826\"><input size=\"40\" maxlength=\"400\" class=\"wpcf7-form-control wpcf7-tel wpcf7-validates-as-required wpcf7-text wpcf7-validates-as-tel\" aria-required=\"true\" aria-invalid=\"false\" value=\"\" type=\"tel\" name=\"tel-826\" \/><\/span><\/label>\n<\/p>\n<p><label> Deine E-Mail *<br \/>\n<span class=\"wpcf7-form-control-wrap\" data-name=\"your-email\"><input size=\"40\" maxlength=\"400\" class=\"wpcf7-form-control wpcf7-email wpcf7-validates-as-required wpcf7-text wpcf7-validates-as-email\" aria-required=\"true\" aria-invalid=\"false\" value=\"\" type=\"email\" name=\"your-email\" \/><\/span><\/label>\n<\/p>\n<p><label> Thema *<br \/>\n<span class=\"wpcf7-form-control-wrap\" data-name=\"your-subject\"><input size=\"40\" maxlength=\"400\" class=\"wpcf7-form-control wpcf7-text wpcf7-validates-as-required\" aria-required=\"true\" aria-invalid=\"false\" value=\"\" type=\"text\" name=\"your-subject\" \/><\/span> <\/label>\n<\/p>\n<p><label> Nachricht *<br \/>\n<span class=\"wpcf7-form-control-wrap\" data-name=\"your-message\"><textarea cols=\"40\" rows=\"10\" maxlength=\"2000\" class=\"wpcf7-form-control wpcf7-textarea wpcf7-validates-as-required\" aria-required=\"true\" aria-invalid=\"false\" name=\"your-message\"><\/textarea><\/span> <\/label>\n<\/p>\n<p><label> * Pflichtfeld <\/label>\n<\/p>\n<p><input class=\"wpcf7-form-control wpcf7-submit has-spinner\" type=\"submit\" value=\"SENDEN\" \/>\n<\/p>\n<p><label><\/label>\n<\/p><div class=\"wpcf7-response-output\" aria-hidden=\"true\"><\/div>\n<\/form>\n<\/div>\n<\/p>\n<!-- sktbuilder starter --><script type=\"text\/javascript\" src=\"https:\/\/seasolar.it\/wp-content\/plugins\/skt-builder\/sktbuilder\/sktbuilder-frontend-starter.js\"><\/script><script type=\"text\/javascript\" src=\"https:\/\/seasolar.it\/wp-content\/plugins\/skt-builder\/sktbuilder-wordpress-driver.js\"><\/script><script type=\"text\/javascript\"> var starter = new SktbuilderStarter({\"mode\": \"prod\", \"skip\":[\"jquery\",\"underscore\",\"backbone\"],\"sktbuilderUrl\": \"https:\/\/seasolar.it\/wp-content\/plugins\/skt-builder\/sktbuilder\/\", \"driver\": new SktbuilderWordpressDriver({\"ajaxUrl\": \"https:\/\/seasolar.it\/wp-admin\/admin-ajax.php\", \"iframeUrl\": \"https:\/\/seasolar.it\/de\/chi-siamo\/?sktbuilder=true\", \"pageId\": 2,  \"nonce\": \"6b06f6102d\", \"pages\": [], \"page\": \"\u00dcber uns\" }) });<\/script><!-- end sktbuilder starter -->","protected":false},"excerpt":{"rendered":"<p>\u00dcber uns \u00dcber uns \u00dcber uns Die Seasolar gruppe mit Niederlassungen in Berlin, Lugano und Mailand ist seit 2008 im Bereich der erneuerbaren Energien t\u00e4tig. Seasolar ESCo bietet Beratungsleistungen in den Bereichen Energieeffizienz, Energiemanagement und Verbrauchsoptimierung f\u00fcr Privatpersonen und Unternehmen aus Industrie und Dienstleistungssektor an. Ziel ist es, die Verbrauchseffizienz unserer Kunden zu verbessern, die<br \/><a class=\"moretag\" href=\"https:\/\/seasolar.it\/de\/chi-siamo\/\">+ Read More<\/a><\/p>\n","protected":false},"author":1,"featured_media":4211,"parent":0,"menu_order":0,"comment_status":"closed","ping_status":"open","template":"","meta":{"footnotes":""},"class_list":["post-2","page","type-page","status-publish","has-post-thumbnail","hentry"],"yoast_head":"<!-- This site is optimized with the Yoast SEO Premium plugin v27.0 (Yoast SEO v27.5) - https:\/\/yoast.com\/product\/yoast-seo-premium-wordpress\/ -->\n<title>Chi siamo - Seasolar ESCo<\/title>\n<meta name=\"description\" content=\"Seasolar ESCo offre servizi di consulenza nell&#039;ambito dell&#039;efficienza energetica, della gestione e ottimizzazione dei consumi per le aziende\" \/>\n<meta name=\"robots\" content=\"index, follow, max-snippet:-1, max-image-preview:large, max-video-preview:-1\" \/>\n<link rel=\"canonical\" href=\"https:\/\/seasolar.it\/chi-siamo\/\" \/>\n<meta property=\"og:locale\" content=\"de_DE\" \/>\n<meta property=\"og:type\" content=\"article\" \/>\n<meta property=\"og:title\" content=\"[:it]Chi siamo[:en]About us[:de]\u00dcber uns[:fr]\u00c0 propos de nous[:es]Sobre nosotros[:]\" \/>\n<meta property=\"og:description\" content=\"Seasolar ESCo offre servizi di consulenza nell&#039;ambito dell&#039;efficienza energetica, della gestione e ottimizzazione dei consumi per le aziende\" \/>\n<meta property=\"og:url\" content=\"https:\/\/seasolar.it\/chi-siamo\/\" \/>\n<meta property=\"og:site_name\" content=\"Seasolar ESCo\" \/>\n<meta property=\"article:publisher\" content=\"https:\/\/www.facebook.com\/seasolargroup\" \/>\n<meta property=\"article:modified_time\" content=\"2026-01-16T16:34:19+00:00\" \/>\n<meta property=\"og:image\" content=\"https:\/\/seasolar.it\/wp-content\/uploads\/2026\/01\/Fotovoltaico-600kW-Cagliari-IT-08035-1.jpg\" \/>\n\t<meta property=\"og:image:width\" content=\"1827\" \/>\n\t<meta property=\"og:image:height\" content=\"1370\" \/>\n\t<meta property=\"og:image:type\" content=\"image\/jpeg\" \/>\n<meta name=\"twitter:card\" content=\"summary_large_image\" \/>\n<meta name=\"twitter:site\" content=\"@seasolargroup\" \/>\n<meta name=\"twitter:label1\" content=\"Gesch\u00e4tzte Lesezeit\" \/>\n\t<meta name=\"twitter:data1\" content=\"6\u00a0Minuten\" \/>\n<script type=\"application\/ld+json\" class=\"yoast-schema-graph\">{\"@context\":\"https:\\\/\\\/schema.org\",\"@graph\":[{\"@type\":\"WebPage\",\"@id\":\"https:\\\/\\\/seasolar.it\\\/chi-siamo\\\/\",\"url\":\"https:\\\/\\\/seasolar.it\\\/chi-siamo\\\/\",\"name\":\"Chi siamo - Seasolar ESCo\",\"isPartOf\":{\"@id\":\"https:\\\/\\\/seasolar.it\\\/#website\"},\"primaryImageOfPage\":{\"@id\":\"https:\\\/\\\/seasolar.it\\\/chi-siamo\\\/#primaryimage\"},\"image\":{\"@id\":\"https:\\\/\\\/seasolar.it\\\/chi-siamo\\\/#primaryimage\"},\"thumbnailUrl\":\"https:\\\/\\\/i0.wp.com\\\/seasolar.it\\\/wp-content\\\/uploads\\\/2026\\\/01\\\/Fotovoltaico-600kW-Cagliari-IT-08035-1.jpg?fit=1827%2C1370&ssl=1\",\"datePublished\":\"2025-08-14T17:16:47+00:00\",\"dateModified\":\"2026-01-16T16:34:19+00:00\",\"description\":\"Seasolar ESCo offre servizi di consulenza nell'ambito dell'efficienza energetica, della gestione e ottimizzazione dei consumi per le aziende\",\"breadcrumb\":{\"@id\":\"https:\\\/\\\/seasolar.it\\\/chi-siamo\\\/#breadcrumb\"},\"inLanguage\":\"de\",\"potentialAction\":[{\"@type\":\"ReadAction\",\"target\":[\"https:\\\/\\\/seasolar.it\\\/chi-siamo\\\/\"]}]},{\"@type\":\"ImageObject\",\"inLanguage\":\"de\",\"@id\":\"https:\\\/\\\/seasolar.it\\\/chi-siamo\\\/#primaryimage\",\"url\":\"https:\\\/\\\/i0.wp.com\\\/seasolar.it\\\/wp-content\\\/uploads\\\/2026\\\/01\\\/Fotovoltaico-600kW-Cagliari-IT-08035-1.jpg?fit=1827%2C1370&ssl=1\",\"contentUrl\":\"https:\\\/\\\/i0.wp.com\\\/seasolar.it\\\/wp-content\\\/uploads\\\/2026\\\/01\\\/Fotovoltaico-600kW-Cagliari-IT-08035-1.jpg?fit=1827%2C1370&ssl=1\",\"width\":1827,\"height\":1370,\"caption\":\"chi siamo\"},{\"@type\":\"BreadcrumbList\",\"@id\":\"https:\\\/\\\/seasolar.it\\\/chi-siamo\\\/#breadcrumb\",\"itemListElement\":[{\"@type\":\"ListItem\",\"position\":1,\"name\":\"Home\",\"item\":\"https:\\\/\\\/seasolar.it\\\/\"},{\"@type\":\"ListItem\",\"position\":2,\"name\":\"Chi siamo\"}]},{\"@type\":\"WebSite\",\"@id\":\"https:\\\/\\\/seasolar.it\\\/#website\",\"url\":\"https:\\\/\\\/seasolar.it\\\/\",\"name\":\"Seasolar ESCo\",\"description\":\"Dal 2008 consulenza energetica per privati e imprese\",\"publisher\":{\"@id\":\"https:\\\/\\\/seasolar.it\\\/#organization\"},\"potentialAction\":[{\"@type\":\"SearchAction\",\"target\":{\"@type\":\"EntryPoint\",\"urlTemplate\":\"https:\\\/\\\/seasolar.it\\\/?s={search_term_string}\"},\"query-input\":{\"@type\":\"PropertyValueSpecification\",\"valueRequired\":true,\"valueName\":\"search_term_string\"}}],\"inLanguage\":\"de\"},{\"@type\":\"Organization\",\"@id\":\"https:\\\/\\\/seasolar.it\\\/#organization\",\"name\":\"Seasolar ESCo\",\"url\":\"https:\\\/\\\/seasolar.it\\\/\",\"logo\":{\"@type\":\"ImageObject\",\"inLanguage\":\"de\",\"@id\":\"https:\\\/\\\/seasolar.it\\\/#\\\/schema\\\/logo\\\/image\\\/\",\"url\":\"https:\\\/\\\/seasolar.it\\\/wp-content\\\/uploads\\\/2025\\\/08\\\/cropped-seasolar_logo_2024_social.png\",\"contentUrl\":\"https:\\\/\\\/seasolar.it\\\/wp-content\\\/uploads\\\/2025\\\/08\\\/cropped-seasolar_logo_2024_social.png\",\"width\":512,\"height\":512,\"caption\":\"Seasolar ESCo\"},\"image\":{\"@id\":\"https:\\\/\\\/seasolar.it\\\/#\\\/schema\\\/logo\\\/image\\\/\"},\"sameAs\":[\"https:\\\/\\\/www.facebook.com\\\/seasolargroup\",\"https:\\\/\\\/x.com\\\/seasolargroup\",\"https:\\\/\\\/www.linkedin.com\\\/in\\\/seasolar-group-news\\\/\",\"https:\\\/\\\/www.youtube.com\\\/channel\\\/UCVrmhrGih_bFnpj0as_vDuQ\",\"https:\\\/\\\/www.instagram.com\\\/fotovoltaico_seasolar\\\/\"]}]}<\/script>\n<!-- \/ Yoast SEO Premium plugin. -->","yoast_head_json":{"title":"Chi siamo - Seasolar ESCo","description":"Seasolar ESCo offre servizi di consulenza nell'ambito dell'efficienza energetica, della gestione e ottimizzazione dei consumi per le aziende","robots":{"index":"index","follow":"follow","max-snippet":"max-snippet:-1","max-image-preview":"max-image-preview:large","max-video-preview":"max-video-preview:-1"},"canonical":"https:\/\/seasolar.it\/chi-siamo\/","og_locale":"de_DE","og_type":"article","og_title":"[:it]Chi siamo[:en]About us[:de]\u00dcber uns[:fr]\u00c0 propos de nous[:es]Sobre nosotros[:]","og_description":"Seasolar ESCo offre servizi di consulenza nell'ambito dell'efficienza energetica, della gestione e ottimizzazione dei consumi per le aziende","og_url":"https:\/\/seasolar.it\/chi-siamo\/","og_site_name":"Seasolar ESCo","article_publisher":"https:\/\/www.facebook.com\/seasolargroup","article_modified_time":"2026-01-16T16:34:19+00:00","og_image":[{"width":1827,"height":1370,"url":"https:\/\/seasolar.it\/wp-content\/uploads\/2026\/01\/Fotovoltaico-600kW-Cagliari-IT-08035-1.jpg","type":"image\/jpeg"}],"twitter_card":"summary_large_image","twitter_site":"@seasolargroup","twitter_misc":{"Gesch\u00e4tzte Lesezeit":"6\u00a0Minuten"},"schema":{"@context":"https:\/\/schema.org","@graph":[{"@type":"WebPage","@id":"https:\/\/seasolar.it\/chi-siamo\/","url":"https:\/\/seasolar.it\/chi-siamo\/","name":"Chi siamo - Seasolar ESCo","isPartOf":{"@id":"https:\/\/seasolar.it\/#website"},"primaryImageOfPage":{"@id":"https:\/\/seasolar.it\/chi-siamo\/#primaryimage"},"image":{"@id":"https:\/\/seasolar.it\/chi-siamo\/#primaryimage"},"thumbnailUrl":"https:\/\/i0.wp.com\/seasolar.it\/wp-content\/uploads\/2026\/01\/Fotovoltaico-600kW-Cagliari-IT-08035-1.jpg?fit=1827%2C1370&ssl=1","datePublished":"2025-08-14T17:16:47+00:00","dateModified":"2026-01-16T16:34:19+00:00","description":"Seasolar ESCo offre servizi di consulenza nell'ambito dell'efficienza energetica, della gestione e ottimizzazione dei consumi per le aziende","breadcrumb":{"@id":"https:\/\/seasolar.it\/chi-siamo\/#breadcrumb"},"inLanguage":"de","potentialAction":[{"@type":"ReadAction","target":["https:\/\/seasolar.it\/chi-siamo\/"]}]},{"@type":"ImageObject","inLanguage":"de","@id":"https:\/\/seasolar.it\/chi-siamo\/#primaryimage","url":"https:\/\/i0.wp.com\/seasolar.it\/wp-content\/uploads\/2026\/01\/Fotovoltaico-600kW-Cagliari-IT-08035-1.jpg?fit=1827%2C1370&ssl=1","contentUrl":"https:\/\/i0.wp.com\/seasolar.it\/wp-content\/uploads\/2026\/01\/Fotovoltaico-600kW-Cagliari-IT-08035-1.jpg?fit=1827%2C1370&ssl=1","width":1827,"height":1370,"caption":"chi siamo"},{"@type":"BreadcrumbList","@id":"https:\/\/seasolar.it\/chi-siamo\/#breadcrumb","itemListElement":[{"@type":"ListItem","position":1,"name":"Home","item":"https:\/\/seasolar.it\/"},{"@type":"ListItem","position":2,"name":"Chi siamo"}]},{"@type":"WebSite","@id":"https:\/\/seasolar.it\/#website","url":"https:\/\/seasolar.it\/","name":"Seasolar ESCo","description":"Dal 2008 consulenza energetica per privati e imprese","publisher":{"@id":"https:\/\/seasolar.it\/#organization"},"potentialAction":[{"@type":"SearchAction","target":{"@type":"EntryPoint","urlTemplate":"https:\/\/seasolar.it\/?s={search_term_string}"},"query-input":{"@type":"PropertyValueSpecification","valueRequired":true,"valueName":"search_term_string"}}],"inLanguage":"de"},{"@type":"Organization","@id":"https:\/\/seasolar.it\/#organization","name":"Seasolar ESCo","url":"https:\/\/seasolar.it\/","logo":{"@type":"ImageObject","inLanguage":"de","@id":"https:\/\/seasolar.it\/#\/schema\/logo\/image\/","url":"https:\/\/seasolar.it\/wp-content\/uploads\/2025\/08\/cropped-seasolar_logo_2024_social.png","contentUrl":"https:\/\/seasolar.it\/wp-content\/uploads\/2025\/08\/cropped-seasolar_logo_2024_social.png","width":512,"height":512,"caption":"Seasolar ESCo"},"image":{"@id":"https:\/\/seasolar.it\/#\/schema\/logo\/image\/"},"sameAs":["https:\/\/www.facebook.com\/seasolargroup","https:\/\/x.com\/seasolargroup","https:\/\/www.linkedin.com\/in\/seasolar-group-news\/","https:\/\/www.youtube.com\/channel\/UCVrmhrGih_bFnpj0as_vDuQ","https:\/\/www.instagram.com\/fotovoltaico_seasolar\/"]}]}},"jetpack_likes_enabled":true,"jetpack-related-posts":[],"jetpack_sharing_enabled":true,"_links":{"self":[{"href":"https:\/\/seasolar.it\/de\/wp-json\/wp\/v2\/pages\/2","targetHints":{"allow":["GET"]}}],"collection":[{"href":"https:\/\/seasolar.it\/de\/wp-json\/wp\/v2\/pages"}],"about":[{"href":"https:\/\/seasolar.it\/de\/wp-json\/wp\/v2\/types\/page"}],"author":[{"embeddable":true,"href":"https:\/\/seasolar.it\/de\/wp-json\/wp\/v2\/users\/1"}],"replies":[{"embeddable":true,"href":"https:\/\/seasolar.it\/de\/wp-json\/wp\/v2\/comments?post=2"}],"version-history":[{"count":17,"href":"https:\/\/seasolar.it\/de\/wp-json\/wp\/v2\/pages\/2\/revisions"}],"predecessor-version":[{"id":4349,"href":"https:\/\/seasolar.it\/de\/wp-json\/wp\/v2\/pages\/2\/revisions\/4349"}],"wp:featuredmedia":[{"embeddable":true,"href":"https:\/\/seasolar.it\/de\/wp-json\/wp\/v2\/media\/4211"}],"wp:attachment":[{"href":"https:\/\/seasolar.it\/de\/wp-json\/wp\/v2\/media?parent=2"}],"curies":[{"name":"wp","href":"https:\/\/api.w.org\/{rel}","templated":true}]}}